{"id":985,"date":"2024-10-08T11:51:52","date_gmt":"2024-10-08T09:51:52","guid":{"rendered":"https:\/\/nspsicologia.com\/?page_id=985"},"modified":"2024-11-22T11:00:19","modified_gmt":"2024-11-22T10:00:19","slug":"contacto","status":"publish","type":"page","link":"https:\/\/nspsicologia.com\/es\/contacto\/","title":{"rendered":"contacto"},"content":{"rendered":"\t\t<div data-elementor-type=\"wp-page\" data-elementor-id=\"985\" class=\"elementor elementor-985\" data-elementor-post-type=\"page\">\n\t\t\t\t<div class=\"elementor-element elementor-element-a058623 e-flex e-con-boxed e-con e-parent\" data-id=\"a058623\" data-element_type=\"container\">\n\t\t\t\t\t<div class=\"e-con-inner\">\n\t\t<div class=\"elementor-element elementor-element-b5b6e36 e-con-full e-flex e-con e-child\" data-id=\"b5b6e36\" data-element_type=\"container\">\n\t\t<div class=\"elementor-element elementor-element-b5278b4 e-con-full border-all-sides e-flex e-con e-child\" data-id=\"b5278b4\" data-element_type=\"container\" data-settings=\"{&quot;background_background&quot;:&quot;classic&quot;}\">\n\t\t\t\t<div class=\"elementor-element elementor-element-d2d5b9a elementor-widget elementor-widget-heading\" data-id=\"d2d5b9a\" data-element_type=\"widget\" data-widget_type=\"heading.default\">\n\t\t\t\t<div class=\"elementor-widget-container\">\n\t\t\t<h2 class=\"elementor-heading-title elementor-size-default\">Contacto<\/h2>\t\t<\/div>\n\t\t\t\t<\/div>\n\t\t<div class=\"elementor-element elementor-element-e995ed1 e-con-full e-flex e-con e-child\" data-id=\"e995ed1\" data-element_type=\"container\">\n\t\t<div class=\"elementor-element elementor-element-d1b841d e-con-full e-flex e-con e-child\" data-id=\"d1b841d\" data-element_type=\"container\">\n\t\t\t\t<div class=\"elementor-element elementor-element-4048e6f elementor-widget elementor-widget-text-editor\" data-id=\"4048e6f\" data-element_type=\"widget\" data-widget_type=\"text-editor.default\">\n\t\t\t\t<div class=\"elementor-widget-container\">\n\t\t\t\t\t\t\t<p>Por tel\u00e9fono<\/p>\t\t\t\t\t\t<\/div>\n\t\t\t\t<\/div>\n\t\t\t\t<div class=\"elementor-element elementor-element-c5e5dea elementor-widget__width-initial elementor-widget-mobile__width-initial elementor-widget elementor-widget-text-editor\" data-id=\"c5e5dea\" data-element_type=\"widget\" data-widget_type=\"text-editor.default\">\n\t\t\t\t<div class=\"elementor-widget-container\">\n\t\t\t\t\t\t\t<p><a href=\"tel:+34607708919\">607 708 919<\/a><\/p>\t\t\t\t\t\t<\/div>\n\t\t\t\t<\/div>\n\t\t\t\t<\/div>\n\t\t<div class=\"elementor-element elementor-element-6b3a49d e-con-full e-flex e-con e-child\" data-id=\"6b3a49d\" data-element_type=\"container\">\n\t\t\t\t<div class=\"elementor-element elementor-element-35f54b3 elementor-widget elementor-widget-text-editor\" data-id=\"35f54b3\" data-element_type=\"widget\" data-widget_type=\"text-editor.default\">\n\t\t\t\t<div class=\"elementor-widget-container\">\n\t\t\t\t\t\t\t<p>Por correo electr\u00f3nico<\/p>\t\t\t\t\t\t<\/div>\n\t\t\t\t<\/div>\n\t\t\t\t<div class=\"elementor-element elementor-element-3544dcd elementor-widget__width-initial elementor-widget-mobile__width-initial elementor-widget elementor-widget-text-editor\" data-id=\"3544dcd\" data-element_type=\"widget\" data-widget_type=\"text-editor.default\">\n\t\t\t\t<div class=\"elementor-widget-container\">\n\t\t\t\t\t\t\t<p><a href=\"mailto:ns.22100@copc.cat\">ns.22100@copc.cat<\/a><\/p>\t\t\t\t\t\t<\/div>\n\t\t\t\t<\/div>\n\t\t\t\t<\/div>\n\t\t<div class=\"elementor-element elementor-element-bcd39b7 e-con-full e-flex e-con e-child\" data-id=\"bcd39b7\" data-element_type=\"container\">\n\t\t\t\t<div class=\"elementor-element elementor-element-3a329f6 elementor-widget elementor-widget-text-editor\" data-id=\"3a329f6\" data-element_type=\"widget\" data-widget_type=\"text-editor.default\">\n\t\t\t\t<div class=\"elementor-widget-container\">\n\t\t\t\t\t\t\t<p>Horarios<\/p>\t\t\t\t\t\t<\/div>\n\t\t\t\t<\/div>\n\t\t\t\t<div class=\"elementor-element elementor-element-845bdc0 elementor-widget__width-initial elementor-widget-widescreen__width-initial elementor-widget elementor-widget-text-editor\" data-id=\"845bdc0\" data-element_type=\"widget\" data-widget_type=\"text-editor.default\">\n\t\t\t\t<div class=\"elementor-widget-container\">\n\t\t\t\t\t\t\t<p>Atenci\u00f3n telef\u00f3nica:<br>Lunes a viernes, de 9:00 &#8211; 14:00<br><\/p>\t\t\t\t\t\t<\/div>\n\t\t\t\t<\/div>\n\t\t\t\t<div class=\"elementor-element elementor-element-15493d5 elementor-widget__width-initial elementor-widget-widescreen__width-initial elementor-widget elementor-widget-text-editor\" data-id=\"15493d5\" data-element_type=\"widget\" data-widget_type=\"text-editor.default\">\n\t\t\t\t<div class=\"elementor-widget-container\">\n\t\t\t\t\t\t\t<p>Visitas:<br>Lunes a jueves, de 15:00 &#8211; 20:00<\/p>\t\t\t\t\t\t<\/div>\n\t\t\t\t<\/div>\n\t\t\t\t<\/div>\n\t\t\t\t<\/div>\n\t\t\t\t<div class=\"elementor-element elementor-element-6f0c03f elementor-widget__width-initial elementor-absolute elementor-widget elementor-widget-image\" data-id=\"6f0c03f\" data-element_type=\"widget\" data-settings=\"{&quot;_position&quot;:&quot;absolute&quot;,&quot;_animation_mobile&quot;:&quot;bounceIn&quot;}\" data-widget_type=\"image.default\">\n\t\t\t\t<div class=\"elementor-widget-container\">\n\t\t\t\t\t\t\t\t\t\t\t\t\t<img decoding=\"async\" width=\"202\" height=\"198\" src=\"https:\/\/nspsicologia.com\/wp-content\/uploads\/2024\/09\/circulo-amarillo-01.webp\" class=\"attachment-large size-large wp-image-19\" alt=\"\" srcset=\"https:\/\/nspsicologia.com\/wp-content\/uploads\/2024\/09\/circulo-amarillo-01.webp 202w, https:\/\/nspsicologia.com\/wp-content\/uploads\/2024\/09\/elementor\/thumbs\/circulo-amarillo-01-quix17x6ueyaq0yytbilom51u63mxh7ja0lzlz0gps.webp 82w, https:\/\/nspsicologia.com\/wp-content\/uploads\/2024\/09\/elementor\/thumbs\/circulo-amarillo-01-quix17x6gdqnezwnosevkt86bapzzfmbuigahdsgac.webp 50w\" sizes=\"(max-width: 202px) 100vw, 202px\" \/>\t\t\t\t\t\t\t\t\t\t\t\t\t<\/div>\n\t\t\t\t<\/div>\n\t\t\t\t<\/div>\n\t\t\t\t<\/div>\n\t\t\t\t<div class=\"elementor-element elementor-element-b988702 elementor-absolute elementor-hidden-tablet elementor-hidden-mobile_extra elementor-hidden-mobile elementor-widget elementor-widget-image\" data-id=\"b988702\" data-element_type=\"widget\" data-settings=\"{&quot;_position&quot;:&quot;absolute&quot;}\" data-widget_type=\"image.default\">\n\t\t\t\t<div class=\"elementor-widget-container\">\n\t\t\t\t\t\t\t\t\t\t\t\t\t<img decoding=\"async\" width=\"306\" height=\"800\" src=\"https:\/\/nspsicologia.com\/wp-content\/uploads\/2024\/10\/fondo-contacto-01.webp\" class=\"attachment-large size-large wp-image-1722\" alt=\"\" srcset=\"https:\/\/nspsicologia.com\/wp-content\/uploads\/2024\/10\/fondo-contacto-01.webp 306w, https:\/\/nspsicologia.com\/wp-content\/uploads\/2024\/10\/fondo-contacto-01-115x300.webp 115w\" sizes=\"(max-width: 306px) 100vw, 306px\" \/>\t\t\t\t\t\t\t\t\t\t\t\t\t<\/div>\n\t\t\t\t<\/div>\n\t\t\t\t\t<\/div>\n\t\t\t\t<\/div>\n\t\t\t\t<\/div>\n\t\t","protected":false},"excerpt":{"rendered":"<p>Contacto Por tel\u00e9fono 607 708 919 Por correo electr\u00f3nico ns.22100@copc.cat Horarios Atenci\u00f3n telef\u00f3nica:Lunes a viernes, de 9:00 &#8211; 14:00 Visitas:Lunes a jueves, de 15:00 &#8211; 20:00<\/p>\n","protected":false},"author":1,"featured_media":0,"parent":0,"menu_order":0,"comment_status":"closed","ping_status":"closed","template":"","meta":{"footnotes":""},"class_list":["post-985","page","type-page","status-publish","hentry"],"_links":{"self":[{"href":"https:\/\/nspsicologia.com\/es\/wp-json\/wp\/v2\/pages\/985","targetHints":{"allow":["GET"]}}],"collection":[{"href":"https:\/\/nspsicologia.com\/es\/wp-json\/wp\/v2\/pages"}],"about":[{"href":"https:\/\/nspsicologia.com\/es\/wp-json\/wp\/v2\/types\/page"}],"author":[{"embeddable":true,"href":"https:\/\/nspsicologia.com\/es\/wp-json\/wp\/v2\/users\/1"}],"replies":[{"embeddable":true,"href":"https:\/\/nspsicologia.com\/es\/wp-json\/wp\/v2\/comments?post=985"}],"version-history":[{"count":53,"href":"https:\/\/nspsicologia.com\/es\/wp-json\/wp\/v2\/pages\/985\/revisions"}],"predecessor-version":[{"id":2483,"href":"https:\/\/nspsicologia.com\/es\/wp-json\/wp\/v2\/pages\/985\/revisions\/2483"}],"wp:attachment":[{"href":"https:\/\/nspsicologia.com\/es\/wp-json\/wp\/v2\/media?parent=985"}],"curies":[{"name":"wp","href":"https:\/\/api.w.org\/{rel}","templated":true}]}}