{"id":723,"date":"2024-10-04T11:20:34","date_gmt":"2024-10-04T09:20:34","guid":{"rendered":"https:\/\/nspsicologia.com\/?page_id=723"},"modified":"2024-11-22T10:43:34","modified_gmt":"2024-11-22T09:43:34","slug":"concertar-una-visita","status":"publish","type":"page","link":"https:\/\/nspsicologia.com\/es\/concertar-una-visita\/","title":{"rendered":"concertar una visita"},"content":{"rendered":"\t\t<div data-elementor-type=\"wp-page\" data-elementor-id=\"723\" class=\"elementor elementor-723\" data-elementor-post-type=\"page\">\n\t\t\t\t<div class=\"elementor-element elementor-element-cdccaaa e-flex e-con-boxed e-con e-parent\" data-id=\"cdccaaa\" data-element_type=\"container\">\n\t\t\t\t\t<div class=\"e-con-inner\">\n\t\t<div class=\"elementor-element elementor-element-22a3d57 e-con-full e-flex e-con e-child\" data-id=\"22a3d57\" data-element_type=\"container\">\n\t\t<div class=\"elementor-element elementor-element-f326b5c e-con-full border-all-sides e-flex e-con e-child\" data-id=\"f326b5c\" data-element_type=\"container\" data-settings=\"{&quot;background_background&quot;:&quot;classic&quot;}\">\n\t\t\t\t<div class=\"elementor-element elementor-element-6b41814 elementor-widget elementor-widget-heading\" data-id=\"6b41814\" data-element_type=\"widget\" data-widget_type=\"heading.default\">\n\t\t\t\t<div class=\"elementor-widget-container\">\n\t\t\t<h2 class=\"elementor-heading-title elementor-size-default\">Concertar una visita<\/h2>\t\t<\/div>\n\t\t\t\t<\/div>\n\t\t<div class=\"elementor-element elementor-element-94c66c5 e-con-full e-flex e-con e-child\" data-id=\"94c66c5\" data-element_type=\"container\">\n\t\t<div class=\"elementor-element elementor-element-7b63e0f e-con-full e-flex e-con e-child\" data-id=\"7b63e0f\" data-element_type=\"container\">\n\t\t\t\t<div class=\"elementor-element elementor-element-48cde24 elementor-widget elementor-widget-text-editor\" data-id=\"48cde24\" data-element_type=\"widget\" data-widget_type=\"text-editor.default\">\n\t\t\t\t<div class=\"elementor-widget-container\">\n\t\t\t\t\t\t\t<p>Por tel\u00e9fono<\/p>\t\t\t\t\t\t<\/div>\n\t\t\t\t<\/div>\n\t\t\t\t<div class=\"elementor-element elementor-element-4f69692 elementor-widget__width-initial elementor-widget-mobile__width-inherit elementor-widget elementor-widget-text-editor\" data-id=\"4f69692\" data-element_type=\"widget\" data-widget_type=\"text-editor.default\">\n\t\t\t\t<div class=\"elementor-widget-container\">\n\t\t\t\t\t\t\t<a style=\"color:#000\" href=\"tel:+34607708919\">607 708 919<\/a>\t\t\t\t\t\t<\/div>\n\t\t\t\t<\/div>\n\t\t\t\t<\/div>\n\t\t<div class=\"elementor-element elementor-element-4f92723 e-con-full e-flex e-con e-child\" data-id=\"4f92723\" data-element_type=\"container\">\n\t\t\t\t<div class=\"elementor-element elementor-element-bffca95 elementor-widget elementor-widget-text-editor\" data-id=\"bffca95\" data-element_type=\"widget\" data-widget_type=\"text-editor.default\">\n\t\t\t\t<div class=\"elementor-widget-container\">\n\t\t\t\t\t\t\t<p>Por correo electr\u00f3nico<\/p>\t\t\t\t\t\t<\/div>\n\t\t\t\t<\/div>\n\t\t\t\t<div class=\"elementor-element elementor-element-06f8dcf elementor-widget__width-initial elementor-widget-mobile__width-inherit elementor-widget elementor-widget-text-editor\" data-id=\"06f8dcf\" data-element_type=\"widget\" data-widget_type=\"text-editor.default\">\n\t\t\t\t<div class=\"elementor-widget-container\">\n\t\t\t\t\t\t\t<p>ns.22100@copc.cat<\/p>\t\t\t\t\t\t<\/div>\n\t\t\t\t<\/div>\n\t\t\t\t<\/div>\n\t\t<div class=\"elementor-element elementor-element-80dad3f e-con-full e-flex e-con e-child\" data-id=\"80dad3f\" data-element_type=\"container\">\n\t\t\t\t<div class=\"elementor-element elementor-element-3ca890f elementor-widget elementor-widget-text-editor\" data-id=\"3ca890f\" data-element_type=\"widget\" data-widget_type=\"text-editor.default\">\n\t\t\t\t<div class=\"elementor-widget-container\">\n\t\t\t\t\t\t\t<p>Horarios<\/p>\t\t\t\t\t\t<\/div>\n\t\t\t\t<\/div>\n\t\t\t\t<div class=\"elementor-element elementor-element-6b908bd elementor-widget__width-inherit elementor-widget elementor-widget-text-editor\" data-id=\"6b908bd\" data-element_type=\"widget\" data-widget_type=\"text-editor.default\">\n\t\t\t\t<div class=\"elementor-widget-container\">\n\t\t\t\t\t\t\t<p>Atenci\u00f3n telef\u00f3nica:<br>Lunes a viernes, de 9:00 &#8211; 14:00<br><\/p>\t\t\t\t\t\t<\/div>\n\t\t\t\t<\/div>\n\t\t\t\t<div class=\"elementor-element elementor-element-a3822e2 elementor-widget__width-inherit elementor-widget elementor-widget-text-editor\" data-id=\"a3822e2\" data-element_type=\"widget\" data-widget_type=\"text-editor.default\">\n\t\t\t\t<div class=\"elementor-widget-container\">\n\t\t\t\t\t\t\t<p>Horario de visitas:<br \/>Lunes a jueves, de 15:00 &#8211; 20:00<\/p>\t\t\t\t\t\t<\/div>\n\t\t\t\t<\/div>\n\t\t\t\t<\/div>\n\t\t\t\t<div class=\"elementor-element elementor-element-dacb9d3 elementor-widget__width-initial elementor-widget-tablet_extra__width-initial elementor-absolute elementor-widget elementor-widget-image\" data-id=\"dacb9d3\" data-element_type=\"widget\" data-settings=\"{&quot;_position&quot;:&quot;absolute&quot;}\" data-widget_type=\"image.default\">\n\t\t\t\t<div class=\"elementor-widget-container\">\n\t\t\t\t\t\t\t\t\t\t\t\t\t<img decoding=\"async\" width=\"585\" height=\"1024\" src=\"https:\/\/nspsicologia.com\/wp-content\/uploads\/2024\/10\/fondo-concertar-cita-01-585x1024.webp\" class=\"attachment-large size-large wp-image-725\" alt=\"\" srcset=\"https:\/\/nspsicologia.com\/wp-content\/uploads\/2024\/10\/fondo-concertar-cita-01-585x1024.webp 585w, https:\/\/nspsicologia.com\/wp-content\/uploads\/2024\/10\/fondo-concertar-cita-01-171x300.webp 171w, https:\/\/nspsicologia.com\/wp-content\/uploads\/2024\/10\/fondo-concertar-cita-01-768x1345.webp 768w, https:\/\/nspsicologia.com\/wp-content\/uploads\/2024\/10\/fondo-concertar-cita-01.webp 800w\" sizes=\"(max-width: 585px) 100vw, 585px\" \/>\t\t\t\t\t\t\t\t\t\t\t\t\t<\/div>\n\t\t\t\t<\/div>\n\t\t\t\t<\/div>\n\t\t\t\t<div class=\"elementor-element elementor-element-533b751 elementor-widget__width-initial elementor-absolute elementor-invisible elementor-widget elementor-widget-image\" data-id=\"533b751\" data-element_type=\"widget\" data-settings=\"{&quot;_position&quot;:&quot;absolute&quot;,&quot;_animation&quot;:&quot;bounceIn&quot;}\" data-widget_type=\"image.default\">\n\t\t\t\t<div class=\"elementor-widget-container\">\n\t\t\t\t\t\t\t\t\t\t\t\t\t<img decoding=\"async\" width=\"202\" height=\"198\" src=\"https:\/\/nspsicologia.com\/wp-content\/uploads\/2024\/09\/circulo-amarillo-01.webp\" class=\"attachment-large size-large wp-image-19\" alt=\"\" srcset=\"https:\/\/nspsicologia.com\/wp-content\/uploads\/2024\/09\/circulo-amarillo-01.webp 202w, https:\/\/nspsicologia.com\/wp-content\/uploads\/2024\/09\/elementor\/thumbs\/circulo-amarillo-01-quix17x6ueyaq0yytbilom51u63mxh7ja0lzlz0gps.webp 82w, https:\/\/nspsicologia.com\/wp-content\/uploads\/2024\/09\/elementor\/thumbs\/circulo-amarillo-01-quix17x6gdqnezwnosevkt86bapzzfmbuigahdsgac.webp 50w\" sizes=\"(max-width: 202px) 100vw, 202px\" \/>\t\t\t\t\t\t\t\t\t\t\t\t\t<\/div>\n\t\t\t\t<\/div>\n\t\t\t\t<\/div>\n\t\t<div class=\"elementor-element elementor-element-92c8706 e-con-full border-all-sides e-flex e-con e-child\" data-id=\"92c8706\" data-element_type=\"container\" data-settings=\"{&quot;background_background&quot;:&quot;classic&quot;}\">\n\t\t\t\t<div class=\"elementor-element elementor-element-81a5cb1 elementor-widget elementor-widget-heading\" data-id=\"81a5cb1\" data-element_type=\"widget\" data-widget_type=\"heading.default\">\n\t\t\t\t<div class=\"elementor-widget-container\">\n\t\t\t<h2 class=\"elementor-heading-title elementor-size-default\">Formulario<\/h2>\t\t<\/div>\n\t\t\t\t<\/div>\n\t\t<div class=\"elementor-element elementor-element-0503102 e-con-full e-flex e-con e-child\" data-id=\"0503102\" data-element_type=\"container\">\n\t\t\t\t<div class=\"elementor-element elementor-element-0efb15e elementor-button-align-stretch elementor-widget elementor-widget-form\" data-id=\"0efb15e\" data-element_type=\"widget\" data-settings=\"{&quot;step_next_label&quot;:&quot;Siguiente&quot;,&quot;step_previous_label&quot;:&quot;Anterior&quot;,&quot;button_width&quot;:&quot;100&quot;,&quot;step_type&quot;:&quot;number_text&quot;,&quot;step_icon_shape&quot;:&quot;circle&quot;}\" data-widget_type=\"form.default\">\n\t\t\t\t<div class=\"elementor-widget-container\">\n\t\t\t\t\t<form class=\"elementor-form\" method=\"post\" name=\"Nuevo formulario\">\n\t\t\t<input type=\"hidden\" name=\"post_id\" value=\"723\"\/>\n\t\t\t<input type=\"hidden\" name=\"form_id\" value=\"0efb15e\"\/>\n\t\t\t<input type=\"hidden\" name=\"referer_title\" value=\"Concertar una visita | Nuria Segarra\" \/>\n\n\t\t\t\t\t\t\t<input type=\"hidden\" name=\"queried_id\" value=\"723\"\/>\n\t\t\t\n\t\t\t<div class=\"elementor-form-fields-wrapper elementor-labels-above\">\n\t\t\t\t\t\t\t\t<div class=\"elementor-field-type-text elementor-field-group elementor-column elementor-field-group-name elementor-col-100\">\n\t\t\t\t\t\t\t\t\t\t\t\t<label for=\"form-field-name\" class=\"elementor-field-label\">\n\t\t\t\t\t\t\t\tNombre\t\t\t\t\t\t\t<\/label>\n\t\t\t\t\t\t\t\t\t\t\t\t\t\t<input size=\"1\" type=\"text\" name=\"form_fields[name]\" id=\"form-field-name\" class=\"elementor-field elementor-size-sm  elementor-field-textual\">\n\t\t\t\t\t\t\t\t\t\t\t<\/div>\n\t\t\t\t\t\t\t\t<div class=\"elementor-field-type-text elementor-field-group elementor-column elementor-field-group-field_7b1188a elementor-col-100\">\n\t\t\t\t\t\t\t\t\t\t\t\t<label for=\"form-field-field_7b1188a\" class=\"elementor-field-label\">\n\t\t\t\t\t\t\t\tApellidos\t\t\t\t\t\t\t<\/label>\n\t\t\t\t\t\t\t\t\t\t\t\t\t\t<input size=\"1\" type=\"text\" name=\"form_fields[field_7b1188a]\" id=\"form-field-field_7b1188a\" class=\"elementor-field elementor-size-sm  elementor-field-textual\">\n\t\t\t\t\t\t\t\t\t\t\t<\/div>\n\t\t\t\t\t\t\t\t<div class=\"elementor-field-type-text elementor-field-group elementor-column elementor-field-group-field_299e5d7 elementor-col-40\">\n\t\t\t\t\t\t\t\t\t\t\t\t<label for=\"form-field-field_299e5d7\" class=\"elementor-field-label\">\n\t\t\t\t\t\t\t\tTel\u00e9fono\t\t\t\t\t\t\t<\/label>\n\t\t\t\t\t\t\t\t\t\t\t\t\t\t<input size=\"1\" type=\"text\" name=\"form_fields[field_299e5d7]\" id=\"form-field-field_299e5d7\" class=\"elementor-field elementor-size-sm  elementor-field-textual\">\n\t\t\t\t\t\t\t\t\t\t\t<\/div>\n\t\t\t\t\t\t\t\t<div class=\"elementor-field-type-email elementor-field-group elementor-column elementor-field-group-email elementor-col-60 elementor-field-required\">\n\t\t\t\t\t\t\t\t\t\t\t\t<label for=\"form-field-email\" class=\"elementor-field-label\">\n\t\t\t\t\t\t\t\tEmail\t\t\t\t\t\t\t<\/label>\n\t\t\t\t\t\t\t\t\t\t\t\t\t\t<input size=\"1\" type=\"email\" name=\"form_fields[email]\" id=\"form-field-email\" class=\"elementor-field elementor-size-sm  elementor-field-textual\" required=\"required\" aria-required=\"true\">\n\t\t\t\t\t\t\t\t\t\t\t<\/div>\n\t\t\t\t\t\t\t\t<div class=\"elementor-field-type-textarea elementor-field-group elementor-column elementor-field-group-message elementor-col-100\">\n\t\t\t\t\t\t\t\t\t\t\t\t<label for=\"form-field-message\" class=\"elementor-field-label\">\n\t\t\t\t\t\t\t\tMensaje\t\t\t\t\t\t\t<\/label>\n\t\t\t\t\t\t<textarea class=\"elementor-field-textual elementor-field  elementor-size-sm\" name=\"form_fields[message]\" id=\"form-field-message\" rows=\"4\" placeholder=\"Indica el motivo de la consulta\"><\/textarea>\t\t\t\t<\/div>\n\t\t\t\t\t\t\t\t<div class=\"elementor-field-group elementor-column elementor-field-type-submit elementor-col-100 e-form__buttons\">\n\t\t\t\t\t<button class=\"elementor-button elementor-size-sm\" type=\"submit\">\n\t\t\t\t\t\t<span class=\"elementor-button-content-wrapper\">\n\t\t\t\t\t\t\t\t\t\t\t\t\t\t\t\t\t\t\t\t\t\t<span class=\"elementor-button-text\">enviar formulario<\/span>\n\t\t\t\t\t\t\t\t\t\t\t\t\t<\/span>\n\t\t\t\t\t<\/button>\n\t\t\t\t<\/div>\n\t\t\t<\/div>\n\t\t<\/form>\n\t\t\t\t<\/div>\n\t\t\t\t<\/div>\n\t\t\t\t<div class=\"elementor-element elementor-element-a0f9245 elementor-widget__width-initial elementor-absolute elementor-widget-mobile__width-inherit elementor-hidden-tablet_extra elementor-hidden-tablet elementor-hidden-mobile_extra elementor-hidden-mobile elementor-widget elementor-widget-image\" data-id=\"a0f9245\" data-element_type=\"widget\" data-settings=\"{&quot;_position&quot;:&quot;absolute&quot;}\" data-widget_type=\"image.default\">\n\t\t\t\t<div class=\"elementor-widget-container\">\n\t\t\t\t\t\t\t\t\t\t\t\t\t<img decoding=\"async\" width=\"754\" height=\"1024\" src=\"https:\/\/nspsicologia.com\/wp-content\/uploads\/2024\/10\/planta-02-754x1024.webp\" class=\"attachment-large size-large wp-image-1620\" alt=\"\" srcset=\"https:\/\/nspsicologia.com\/wp-content\/uploads\/2024\/10\/planta-02-754x1024.webp 754w, https:\/\/nspsicologia.com\/wp-content\/uploads\/2024\/10\/planta-02-221x300.webp 221w, https:\/\/nspsicologia.com\/wp-content\/uploads\/2024\/10\/planta-02-768x1043.webp 768w, https:\/\/nspsicologia.com\/wp-content\/uploads\/2024\/10\/planta-02.webp 800w\" sizes=\"(max-width: 754px) 100vw, 754px\" \/>\t\t\t\t\t\t\t\t\t\t\t\t\t<\/div>\n\t\t\t\t<\/div>\n\t\t\t\t<\/div>\n\t\t\t\t<\/div>\n\t\t\t\t<\/div>\n\t\t\t\t\t<\/div>\n\t\t\t\t<\/div>\n\t\t\t\t<\/div>\n\t\t","protected":false},"excerpt":{"rendered":"<p>Concertar una visita Por tel\u00e9fono 607 708 919 Por correo electr\u00f3nico ns.22100@copc.cat Horarios Atenci\u00f3n telef\u00f3nica:Lunes a viernes, de 9:00 &#8211; 14:00 Horario de visitas:Lunes a jueves, de 15:00 &#8211; 20:00 Formulario<\/p>\n","protected":false},"author":1,"featured_media":0,"parent":0,"menu_order":0,"comment_status":"closed","ping_status":"closed","template":"","meta":{"footnotes":""},"class_list":["post-723","page","type-page","status-publish","hentry"],"_links":{"self":[{"href":"https:\/\/nspsicologia.com\/es\/wp-json\/wp\/v2\/pages\/723","targetHints":{"allow":["GET"]}}],"collection":[{"href":"https:\/\/nspsicologia.com\/es\/wp-json\/wp\/v2\/pages"}],"about":[{"href":"https:\/\/nspsicologia.com\/es\/wp-json\/wp\/v2\/types\/page"}],"author":[{"embeddable":true,"href":"https:\/\/nspsicologia.com\/es\/wp-json\/wp\/v2\/users\/1"}],"replies":[{"embeddable":true,"href":"https:\/\/nspsicologia.com\/es\/wp-json\/wp\/v2\/comments?post=723"}],"version-history":[{"count":274,"href":"https:\/\/nspsicologia.com\/es\/wp-json\/wp\/v2\/pages\/723\/revisions"}],"predecessor-version":[{"id":2464,"href":"https:\/\/nspsicologia.com\/es\/wp-json\/wp\/v2\/pages\/723\/revisions\/2464"}],"wp:attachment":[{"href":"https:\/\/nspsicologia.com\/es\/wp-json\/wp\/v2\/media?parent=723"}],"curies":[{"name":"wp","href":"https:\/\/api.w.org\/{rel}","templated":true}]}}