{"id":575,"date":"2024-10-03T16:14:33","date_gmt":"2024-10-03T14:14:33","guid":{"rendered":"https:\/\/nspsicologia.com\/?page_id=575"},"modified":"2024-11-21T22:55:25","modified_gmt":"2024-11-21T21:55:25","slug":"areas-intervencion","status":"publish","type":"page","link":"https:\/\/nspsicologia.com\/es\/areas-intervencion\/","title":{"rendered":"\u00e1reas de intervenci\u00f3n"},"content":{"rendered":"\t\t<div data-elementor-type=\"wp-page\" data-elementor-id=\"575\" class=\"elementor elementor-575\" data-elementor-post-type=\"page\">\n\t\t\t\t<div class=\"elementor-element elementor-element-965428d e-flex e-con-boxed e-con e-parent\" data-id=\"965428d\" data-element_type=\"container\">\n\t\t\t\t\t<div class=\"e-con-inner\">\n\t\t<div class=\"elementor-element elementor-element-063fa4a e-con-full e-flex e-con e-child\" data-id=\"063fa4a\" data-element_type=\"container\">\n\t\t\t\t<div class=\"elementor-element elementor-element-9b131fb elementor-widget__width-initial elementor-widget-laptop__width-inherit elementor-widget-widescreen__width-initial elementor-widget-tablet_extra__width-initial elementor-widget-tablet__width-initial elementor-widget-mobile__width-initial elementor-widget elementor-widget-image\" data-id=\"9b131fb\" data-element_type=\"widget\" data-settings=\"{&quot;motion_fx_motion_fx_mouse&quot;:&quot;yes&quot;,&quot;motion_fx_tilt_effect&quot;:&quot;yes&quot;,&quot;motion_fx_tilt_speed&quot;:{&quot;unit&quot;:&quot;px&quot;,&quot;size&quot;:1.9,&quot;sizes&quot;:[]}}\" data-widget_type=\"image.default\">\n\t\t\t\t<div class=\"elementor-widget-container\">\n\t\t\t\t\t\t\t\t\t\t\t\t\t<img decoding=\"async\" width=\"800\" height=\"987\" src=\"https:\/\/nspsicologia.com\/wp-content\/uploads\/2024\/10\/personas-01.webp\" class=\"attachment-large size-large wp-image-578\" alt=\"\" srcset=\"https:\/\/nspsicologia.com\/wp-content\/uploads\/2024\/10\/personas-01.webp 800w, https:\/\/nspsicologia.com\/wp-content\/uploads\/2024\/10\/personas-01-243x300.webp 243w, https:\/\/nspsicologia.com\/wp-content\/uploads\/2024\/10\/personas-01-768x948.webp 768w\" sizes=\"(max-width: 800px) 100vw, 800px\" \/>\t\t\t\t\t\t\t\t\t\t\t\t\t<\/div>\n\t\t\t\t<\/div>\n\t\t\t\t<div class=\"elementor-element elementor-element-c6028a2 elementor-widget__width-initial elementor-absolute elementor-widget-mobile__width-initial elementor-widget-laptop__width-initial elementor-widget-widescreen__width-initial elementor-invisible elementor-widget elementor-widget-image\" data-id=\"c6028a2\" data-element_type=\"widget\" data-settings=\"{&quot;_position&quot;:&quot;absolute&quot;,&quot;_animation&quot;:&quot;bounceIn&quot;}\" data-widget_type=\"image.default\">\n\t\t\t\t<div class=\"elementor-widget-container\">\n\t\t\t\t\t\t\t\t\t\t\t\t\t<img decoding=\"async\" width=\"202\" height=\"198\" src=\"https:\/\/nspsicologia.com\/wp-content\/uploads\/2024\/09\/circulo-amarillo-01.webp\" class=\"attachment-large size-large wp-image-19\" alt=\"\" srcset=\"https:\/\/nspsicologia.com\/wp-content\/uploads\/2024\/09\/circulo-amarillo-01.webp 202w, https:\/\/nspsicologia.com\/wp-content\/uploads\/2024\/09\/elementor\/thumbs\/circulo-amarillo-01-quix17x6ueyaq0yytbilom51u63mxh7ja0lzlz0gps.webp 82w, https:\/\/nspsicologia.com\/wp-content\/uploads\/2024\/09\/elementor\/thumbs\/circulo-amarillo-01-quix17x6gdqnezwnosevkt86bapzzfmbuigahdsgac.webp 50w\" sizes=\"(max-width: 202px) 100vw, 202px\" \/>\t\t\t\t\t\t\t\t\t\t\t\t\t<\/div>\n\t\t\t\t<\/div>\n\t\t\t\t<\/div>\n\t\t<div class=\"elementor-element elementor-element-0f99413 e-con-full e-flex e-con e-child\" data-id=\"0f99413\" data-element_type=\"container\">\n\t\t\t\t<div class=\"elementor-element elementor-element-028a84d elementor-widget__width-initial elementor-widget-mobile__width-inherit elementor-widget-laptop__width-inherit elementor-widget elementor-widget-text-editor\" data-id=\"028a84d\" data-element_type=\"widget\" data-widget_type=\"text-editor.default\">\n\t\t\t\t<div class=\"elementor-widget-container\">\n\t\t\t\t\t\t\t<h1>\u00c1reas de intervenci\u00f3n<\/h1>\t\t\t\t\t\t<\/div>\n\t\t\t\t<\/div>\n\t\t\t\t<div class=\"elementor-element elementor-element-1fbfc54 elementor-widget__width-initial elementor-widget-mobile__width-inherit elementor-widget elementor-widget-text-editor\" data-id=\"1fbfc54\" data-element_type=\"widget\" data-widget_type=\"text-editor.default\">\n\t\t\t\t<div class=\"elementor-widget-container\">\n\t\t\t\t\t\t\t<p>Malestar emocional<br>Dificultades relacionales<br>Acompa\u00f1amiento en p\u00e9rdidas y duelo<br>Ansiedad<br>Depresi\u00f3n<br>Fobias y miedos<br>Obsesiones<br>Estr\u00e9s epis\u00f3dico, postraum\u00e1tico, cr\u00f3nico<br>Otros trastornos del estado de \u00e1nimo<br>Trastornos psicosom\u00e1ticos<br>Mindfulness para reducir la ansiedad y el estr\u00e9s<\/p>\t\t\t\t\t\t<\/div>\n\t\t\t\t<\/div>\n\t\t\t\t<div class=\"elementor-element elementor-element-42c3473 elementor-widget-mobile__width-initial elementor-absolute elementor-widget__width-initial elementor-widget elementor-widget-image\" data-id=\"42c3473\" data-element_type=\"widget\" data-settings=\"{&quot;_position&quot;:&quot;absolute&quot;}\" data-widget_type=\"image.default\">\n\t\t\t\t<div class=\"elementor-widget-container\">\n\t\t\t\t\t\t\t\t\t\t\t\t\t<img decoding=\"async\" width=\"563\" height=\"683\" src=\"https:\/\/nspsicologia.com\/wp-content\/uploads\/2024\/10\/flor-orientacion-01.webp\" class=\"attachment-full size-full wp-image-2201\" alt=\"\" srcset=\"https:\/\/nspsicologia.com\/wp-content\/uploads\/2024\/10\/flor-orientacion-01.webp 563w, https:\/\/nspsicologia.com\/wp-content\/uploads\/2024\/10\/flor-orientacion-01-247x300.webp 247w\" sizes=\"(max-width: 563px) 100vw, 563px\" \/>\t\t\t\t\t\t\t\t\t\t\t\t\t<\/div>\n\t\t\t\t<\/div>\n\t\t\t\t<\/div>\n\t\t<div class=\"elementor-element elementor-element-d90fbda e-con-full e-flex e-con e-child\" data-id=\"d90fbda\" data-element_type=\"container\">\n\t\t\t\t<div class=\"elementor-element elementor-element-69608df elementor-widget__width-inherit elementor-widget-laptop__width-initial elementor-widget-widescreen__width-initial elementor-widget-tablet_extra__width-initial elementor-widget-tablet__width-initial elementor-widget-mobile_extra__width-initial elementor-widget-mobile__width-initial elementor-widget elementor-widget-image\" data-id=\"69608df\" data-element_type=\"widget\" data-settings=\"{&quot;motion_fx_motion_fx_mouse&quot;:&quot;yes&quot;,&quot;motion_fx_tilt_effect&quot;:&quot;yes&quot;,&quot;motion_fx_tilt_direction&quot;:&quot;negative&quot;,&quot;motion_fx_tilt_speed&quot;:{&quot;unit&quot;:&quot;px&quot;,&quot;size&quot;:1.9,&quot;sizes&quot;:[]}}\" data-widget_type=\"image.default\">\n\t\t\t\t<div class=\"elementor-widget-container\">\n\t\t\t\t\t\t\t\t\t\t\t\t\t<img decoding=\"async\" width=\"800\" height=\"804\" src=\"https:\/\/nspsicologia.com\/wp-content\/uploads\/2024\/10\/personas-03.webp\" class=\"attachment-large size-large wp-image-579\" alt=\"\" srcset=\"https:\/\/nspsicologia.com\/wp-content\/uploads\/2024\/10\/personas-03.webp 800w, https:\/\/nspsicologia.com\/wp-content\/uploads\/2024\/10\/personas-03-150x150.webp 150w, https:\/\/nspsicologia.com\/wp-content\/uploads\/2024\/10\/personas-03-768x772.webp 768w\" sizes=\"(max-width: 800px) 100vw, 800px\" \/>\t\t\t\t\t\t\t\t\t\t\t\t\t<\/div>\n\t\t\t\t<\/div>\n\t\t\t\t<\/div>\n\t\t\t\t\t<\/div>\n\t\t\t\t<\/div>\n\t\t\t\t<\/div>\n\t\t","protected":false},"excerpt":{"rendered":"<p>\u00c1reas de intervenci\u00f3n Malestar emocionalDificultades relacionalesAcompa\u00f1amiento en p\u00e9rdidas y dueloAnsiedadDepresi\u00f3nFobias y miedosObsesionesEstr\u00e9s epis\u00f3dico, postraum\u00e1tico, cr\u00f3nicoOtros trastornos del estado de \u00e1nimoTrastornos psicosom\u00e1ticosMindfulness para reducir la ansiedad y el estr\u00e9s<\/p>\n","protected":false},"author":1,"featured_media":0,"parent":0,"menu_order":0,"comment_status":"closed","ping_status":"closed","template":"","meta":{"footnotes":""},"class_list":["post-575","page","type-page","status-publish","hentry"],"_links":{"self":[{"href":"https:\/\/nspsicologia.com\/es\/wp-json\/wp\/v2\/pages\/575","targetHints":{"allow":["GET"]}}],"collection":[{"href":"https:\/\/nspsicologia.com\/es\/wp-json\/wp\/v2\/pages"}],"about":[{"href":"https:\/\/nspsicologia.com\/es\/wp-json\/wp\/v2\/types\/page"}],"author":[{"embeddable":true,"href":"https:\/\/nspsicologia.com\/es\/wp-json\/wp\/v2\/users\/1"}],"replies":[{"embeddable":true,"href":"https:\/\/nspsicologia.com\/es\/wp-json\/wp\/v2\/comments?post=575"}],"version-history":[{"count":173,"href":"https:\/\/nspsicologia.com\/es\/wp-json\/wp\/v2\/pages\/575\/revisions"}],"predecessor-version":[{"id":2454,"href":"https:\/\/nspsicologia.com\/es\/wp-json\/wp\/v2\/pages\/575\/revisions\/2454"}],"wp:attachment":[{"href":"https:\/\/nspsicologia.com\/es\/wp-json\/wp\/v2\/media?parent=575"}],"curies":[{"name":"wp","href":"https:\/\/api.w.org\/{rel}","templated":true}]}}