{"id":552,"date":"2024-10-03T11:32:57","date_gmt":"2024-10-03T09:32:57","guid":{"rendered":"https:\/\/nspsicologia.com\/?page_id=552"},"modified":"2024-12-16T01:17:34","modified_gmt":"2024-12-16T00:17:34","slug":"orientacion","status":"publish","type":"page","link":"https:\/\/nspsicologia.com\/es\/orientacion\/","title":{"rendered":"orientaci\u00f3n"},"content":{"rendered":"\t\t<div data-elementor-type=\"wp-page\" data-elementor-id=\"552\" class=\"elementor elementor-552\" data-elementor-post-type=\"page\">\n\t\t\t\t<div class=\"elementor-element elementor-element-919d093 e-flex e-con-boxed e-con e-parent\" data-id=\"919d093\" data-element_type=\"container\">\n\t\t\t\t\t<div class=\"e-con-inner\">\n\t\t<div class=\"elementor-element elementor-element-be54b51 e-con-full e-flex e-con e-child\" data-id=\"be54b51\" data-element_type=\"container\">\n\t\t\t\t<div class=\"elementor-element elementor-element-53a4d8f elementor-widget__width-inherit elementor-widget-laptop__width-inherit elementor-widget-widescreen__width-inherit e-transform elementor-widget elementor-widget-image\" data-id=\"53a4d8f\" data-element_type=\"widget\" data-settings=\"{&quot;_transform_scale_effect&quot;:{&quot;unit&quot;:&quot;px&quot;,&quot;size&quot;:1.5,&quot;sizes&quot;:[]},&quot;_transform_scale_effect_widescreen&quot;:{&quot;unit&quot;:&quot;px&quot;,&quot;size&quot;:&quot;&quot;,&quot;sizes&quot;:[]},&quot;_transform_scale_effect_laptop&quot;:{&quot;unit&quot;:&quot;px&quot;,&quot;size&quot;:&quot;&quot;,&quot;sizes&quot;:[]},&quot;_transform_scale_effect_tablet_extra&quot;:{&quot;unit&quot;:&quot;px&quot;,&quot;size&quot;:&quot;&quot;,&quot;sizes&quot;:[]},&quot;_transform_scale_effect_tablet&quot;:{&quot;unit&quot;:&quot;px&quot;,&quot;size&quot;:&quot;&quot;,&quot;sizes&quot;:[]},&quot;_transform_scale_effect_mobile_extra&quot;:{&quot;unit&quot;:&quot;px&quot;,&quot;size&quot;:&quot;&quot;,&quot;sizes&quot;:[]},&quot;_transform_scale_effect_mobile&quot;:{&quot;unit&quot;:&quot;px&quot;,&quot;size&quot;:&quot;&quot;,&quot;sizes&quot;:[]}}\" data-widget_type=\"image.default\">\n\t\t\t\t<div class=\"elementor-widget-container\">\n\t\t\t\t\t\t\t\t\t\t\t\t\t<img decoding=\"async\" width=\"800\" height=\"517\" src=\"https:\/\/nspsicologia.com\/wp-content\/uploads\/2024\/10\/montanas-01.webp\" class=\"attachment-full size-full wp-image-554\" alt=\"\" srcset=\"https:\/\/nspsicologia.com\/wp-content\/uploads\/2024\/10\/montanas-01.webp 800w, https:\/\/nspsicologia.com\/wp-content\/uploads\/2024\/10\/montanas-01-300x194.webp 300w, https:\/\/nspsicologia.com\/wp-content\/uploads\/2024\/10\/montanas-01-768x496.webp 768w\" sizes=\"(max-width: 800px) 100vw, 800px\" \/>\t\t\t\t\t\t\t\t\t\t\t\t\t<\/div>\n\t\t\t\t<\/div>\n\t\t\t\t<div class=\"elementor-element elementor-element-faa9993 elementor-widget-mobile__width-initial elementor-absolute elementor-widget__width-initial elementor-widget-widescreen__width-initial elementor-widget-laptop__width-initial elementor-widget elementor-widget-image\" data-id=\"faa9993\" data-element_type=\"widget\" data-settings=\"{&quot;_position&quot;:&quot;absolute&quot;}\" data-widget_type=\"image.default\">\n\t\t\t\t<div class=\"elementor-widget-container\">\n\t\t\t\t\t\t\t\t\t\t\t\t\t<img decoding=\"async\" width=\"563\" height=\"683\" src=\"https:\/\/nspsicologia.com\/wp-content\/uploads\/2024\/10\/flor-orientacion-01.webp\" class=\"attachment-medium_large size-medium_large wp-image-2201\" alt=\"\" srcset=\"https:\/\/nspsicologia.com\/wp-content\/uploads\/2024\/10\/flor-orientacion-01.webp 563w, https:\/\/nspsicologia.com\/wp-content\/uploads\/2024\/10\/flor-orientacion-01-247x300.webp 247w\" sizes=\"(max-width: 563px) 100vw, 563px\" \/>\t\t\t\t\t\t\t\t\t\t\t\t\t<\/div>\n\t\t\t\t<\/div>\n\t\t\t\t<\/div>\n\t\t<div class=\"elementor-element elementor-element-f8f0a57 e-con-full e-flex e-con e-child\" data-id=\"f8f0a57\" data-element_type=\"container\">\n\t\t\t\t<div class=\"elementor-element elementor-element-a0bd955 elementor-widget__width-inherit elementor-widget-mobile__width-inherit elementor-widget-laptop__width-inherit elementor-widget elementor-widget-text-editor\" data-id=\"a0bd955\" data-element_type=\"widget\" data-widget_type=\"text-editor.default\">\n\t\t\t\t<div class=\"elementor-widget-container\">\n\t\t\t\t\t\t\t<h1>Orientaci\u00f3n<\/h1>\t\t\t\t\t\t<\/div>\n\t\t\t\t<\/div>\n\t\t\t\t<div class=\"elementor-element elementor-element-2dcc32e elementor-widget__width-inherit elementor-widget-mobile__width-inherit elementor-widget-laptop__width-inherit elementor-widget elementor-widget-text-editor\" data-id=\"2dcc32e\" data-element_type=\"widget\" data-widget_type=\"text-editor.default\">\n\t\t\t\t<div class=\"elementor-widget-container\">\n\t\t\t\t\t\t\t<p>Mi orientaci\u00f3n terap\u00e9utica es integrativa combinando diferentes enfoques humanistas y psicoanal\u00edticos, con el fin de ofrecer un tratamiento personalizado y adaptado a las necesidades de cada persona. Me centro en el autoconocimiento, el desarrollo emocional y la autorrealizaci\u00f3n. Exploro las relaciones interpersonales, los conflictos internos y las experiencias pasadas que pueden influir en el funcionamiento actual de la persona.<\/p>\n<p>En el proceso terap\u00e9utico, considero fundamentales la escucha emp\u00e1tica, la ausencia de juicio y la calidez en el acompa\u00f1amiento. Asimismo, la confidencialidad, el rigor y la actuaci\u00f3n \u00e9tica, honesta y coherente son valores prioritarios en el ejercicio de mi profesi\u00f3n.<\/p>\n<p>Colaboro con otras instituciones y terapeutas a quienes, si es necesario, derivo a mis pacientes si considero que sus necesidades pueden ser atendidas de una manera m\u00e1s espec\u00edfica por otros profesionales.<\/p>\t\t\t\t\t\t<\/div>\n\t\t\t\t<\/div>\n\t\t\t\t<div class=\"elementor-element elementor-element-37330db elementor-widget__width-initial elementor-absolute elementor-widget-mobile__width-initial elementor-widget-tablet__width-initial elementor-invisible elementor-widget elementor-widget-image\" data-id=\"37330db\" data-element_type=\"widget\" data-settings=\"{&quot;_position&quot;:&quot;absolute&quot;,&quot;_animation&quot;:&quot;bounceIn&quot;}\" data-widget_type=\"image.default\">\n\t\t\t\t<div class=\"elementor-widget-container\">\n\t\t\t\t\t\t\t\t\t\t\t\t\t<img decoding=\"async\" width=\"202\" height=\"198\" src=\"https:\/\/nspsicologia.com\/wp-content\/uploads\/2024\/09\/circulo-amarillo-01.webp\" class=\"attachment-large size-large wp-image-19\" alt=\"\" srcset=\"https:\/\/nspsicologia.com\/wp-content\/uploads\/2024\/09\/circulo-amarillo-01.webp 202w, https:\/\/nspsicologia.com\/wp-content\/uploads\/2024\/09\/elementor\/thumbs\/circulo-amarillo-01-quix17x6ueyaq0yytbilom51u63mxh7ja0lzlz0gps.webp 82w, https:\/\/nspsicologia.com\/wp-content\/uploads\/2024\/09\/elementor\/thumbs\/circulo-amarillo-01-quix17x6gdqnezwnosevkt86bapzzfmbuigahdsgac.webp 50w\" sizes=\"(max-width: 202px) 100vw, 202px\" \/>\t\t\t\t\t\t\t\t\t\t\t\t\t<\/div>\n\t\t\t\t<\/div>\n\t\t\t\t<\/div>\n\t\t\t\t\t<\/div>\n\t\t\t\t<\/div>\n\t\t\t\t<\/div>\n\t\t","protected":false},"excerpt":{"rendered":"<p>Orientaci\u00f3n Mi orientaci\u00f3n terap\u00e9utica es integrativa combinando diferentes enfoques humanistas y psicoanal\u00edticos, con el fin de ofrecer un tratamiento personalizado y adaptado a las necesidades de cada persona. Me centro en el autoconocimiento, el desarrollo emocional y la autorrealizaci\u00f3n. Exploro las relaciones interpersonales, los conflictos internos y las experiencias pasadas que pueden influir en el [&hellip;]<\/p>\n","protected":false},"author":1,"featured_media":0,"parent":0,"menu_order":0,"comment_status":"closed","ping_status":"closed","template":"","meta":{"footnotes":""},"class_list":["post-552","page","type-page","status-publish","hentry"],"_links":{"self":[{"href":"https:\/\/nspsicologia.com\/es\/wp-json\/wp\/v2\/pages\/552","targetHints":{"allow":["GET"]}}],"collection":[{"href":"https:\/\/nspsicologia.com\/es\/wp-json\/wp\/v2\/pages"}],"about":[{"href":"https:\/\/nspsicologia.com\/es\/wp-json\/wp\/v2\/types\/page"}],"author":[{"embeddable":true,"href":"https:\/\/nspsicologia.com\/es\/wp-json\/wp\/v2\/users\/1"}],"replies":[{"embeddable":true,"href":"https:\/\/nspsicologia.com\/es\/wp-json\/wp\/v2\/comments?post=552"}],"version-history":[{"count":124,"href":"https:\/\/nspsicologia.com\/es\/wp-json\/wp\/v2\/pages\/552\/revisions"}],"predecessor-version":[{"id":2522,"href":"https:\/\/nspsicologia.com\/es\/wp-json\/wp\/v2\/pages\/552\/revisions\/2522"}],"wp:attachment":[{"href":"https:\/\/nspsicologia.com\/es\/wp-json\/wp\/v2\/media?parent=552"}],"curies":[{"name":"wp","href":"https:\/\/api.w.org\/{rel}","templated":true}]}}