{"id":462,"date":"2024-10-03T10:49:30","date_gmt":"2024-10-03T08:49:30","guid":{"rendered":"https:\/\/nspsicologia.com\/?page_id=462"},"modified":"2024-12-16T01:17:04","modified_gmt":"2024-12-16T00:17:04","slug":"sobre-mi","status":"publish","type":"page","link":"https:\/\/nspsicologia.com\/es\/sobre-mi\/","title":{"rendered":"sobre m\u00ed"},"content":{"rendered":"\t\t<div data-elementor-type=\"wp-page\" data-elementor-id=\"462\" class=\"elementor elementor-462\" data-elementor-post-type=\"page\">\n\t\t\t\t<div class=\"elementor-element elementor-element-d136721 e-flex e-con-boxed e-con e-parent\" data-id=\"d136721\" data-element_type=\"container\">\n\t\t\t\t\t<div class=\"e-con-inner\">\n\t\t\t\t\t<\/div>\n\t\t\t\t<\/div>\n\t\t<div class=\"elementor-element elementor-element-d4011ff e-flex e-con-boxed e-con e-parent\" data-id=\"d4011ff\" data-element_type=\"container\">\n\t\t\t\t\t<div class=\"e-con-inner\">\n\t\t<div class=\"elementor-element elementor-element-c07196b e-flex e-con-boxed e-con e-child\" data-id=\"c07196b\" data-element_type=\"container\">\n\t\t\t\t\t<div class=\"e-con-inner\">\n\t\t<div class=\"elementor-element elementor-element-0abac3b e-con-full e-flex e-con e-child\" data-id=\"0abac3b\" data-element_type=\"container\">\n\t\t\t\t<div class=\"elementor-element elementor-element-a104006 elementor-widget-widescreen__width-initial elementor-absolute elementor-widget-mobile__width-initial elementor-widget-laptop__width-initial elementor-widget-tablet_extra__width-initial elementor-widget__width-initial elementor-widget elementor-widget-image\" data-id=\"a104006\" data-element_type=\"widget\" data-settings=\"{&quot;_position&quot;:&quot;absolute&quot;}\" data-widget_type=\"image.default\">\n\t\t\t\t<div class=\"elementor-widget-container\">\n\t\t\t\t\t\t\t\t\t\t\t\t\t<img decoding=\"async\" width=\"775\" height=\"964\" src=\"https:\/\/nspsicologia.com\/wp-content\/uploads\/2024\/10\/trazo-arriba-01.webp\" class=\"attachment-full size-full wp-image-1424\" alt=\"\" srcset=\"https:\/\/nspsicologia.com\/wp-content\/uploads\/2024\/10\/trazo-arriba-01.webp 775w, https:\/\/nspsicologia.com\/wp-content\/uploads\/2024\/10\/trazo-arriba-01-241x300.webp 241w, https:\/\/nspsicologia.com\/wp-content\/uploads\/2024\/10\/trazo-arriba-01-768x955.webp 768w\" sizes=\"(max-width: 775px) 100vw, 775px\" \/>\t\t\t\t\t\t\t\t\t\t\t\t\t<\/div>\n\t\t\t\t<\/div>\n\t\t\t\t<div class=\"elementor-element elementor-element-106a4c3 elementor-widget__width-initial elementor-widget-laptop__width-initial elementor-widget-widescreen__width-initial elementor-widget elementor-widget-image\" data-id=\"106a4c3\" data-element_type=\"widget\" data-widget_type=\"image.default\">\n\t\t\t\t<div class=\"elementor-widget-container\">\n\t\t\t\t\t\t\t\t\t\t\t\t\t<img decoding=\"async\" width=\"492\" height=\"728\" src=\"https:\/\/nspsicologia.com\/wp-content\/uploads\/2024\/10\/nuria-segarra-psicologa-01.webp\" class=\"attachment-full size-full wp-image-2181\" alt=\"\" srcset=\"https:\/\/nspsicologia.com\/wp-content\/uploads\/2024\/10\/nuria-segarra-psicologa-01.webp 492w, https:\/\/nspsicologia.com\/wp-content\/uploads\/2024\/10\/nuria-segarra-psicologa-01-203x300.webp 203w\" sizes=\"(max-width: 492px) 100vw, 492px\" \/>\t\t\t\t\t\t\t\t\t\t\t\t\t<\/div>\n\t\t\t\t<\/div>\n\t\t\t\t<div class=\"elementor-element elementor-element-513b538 elementor-widget__width-initial elementor-widget-widescreen__width-initial elementor-widget-laptop__width-initial elementor-widget elementor-widget-text-editor\" data-id=\"513b538\" data-element_type=\"widget\" data-widget_type=\"text-editor.default\">\n\t\t\t\t<div class=\"elementor-widget-container\">\n\t\t\t\t\t\t\t<p>N\u00faria Segarra<\/p>\t\t\t\t\t\t<\/div>\n\t\t\t\t<\/div>\n\t\t\t\t<div class=\"elementor-element elementor-element-d6b731a elementor-widget__width-initial elementor-widget-laptop__width-initial elementor-widget-widescreen__width-initial elementor-widget elementor-widget-text-editor\" data-id=\"d6b731a\" data-element_type=\"widget\" data-widget_type=\"text-editor.default\">\n\t\t\t\t<div class=\"elementor-widget-container\">\n\t\t\t\t\t\t\t<p class=\"p1\">Psic\u00f3loga General Sanitaria<br>Colegiada N\u00ba22100 COPC<\/p>\t\t\t\t\t\t<\/div>\n\t\t\t\t<\/div>\n\t\t\t\t<div class=\"elementor-element elementor-element-c2b11d7 elementor-widget__width-initial elementor-widget-mobile_extra__width-initial elementor-hidden-tablet elementor-hidden-mobile elementor-widget elementor-widget-image\" data-id=\"c2b11d7\" data-element_type=\"widget\" data-widget_type=\"image.default\">\n\t\t\t\t<div class=\"elementor-widget-container\">\n\t\t\t\t\t\t\t\t\t\t\t\t\t<img decoding=\"async\" width=\"285\" height=\"258\" src=\"https:\/\/nspsicologia.com\/wp-content\/uploads\/2024\/09\/flor-01-e1727086785244.webp\" class=\"attachment-large size-large wp-image-101\" alt=\"\" \/>\t\t\t\t\t\t\t\t\t\t\t\t\t<\/div>\n\t\t\t\t<\/div>\n\t\t\t\t<\/div>\n\t\t<div class=\"elementor-element elementor-element-318d4dd e-con-full e-flex e-con e-child\" data-id=\"318d4dd\" data-element_type=\"container\">\n\t\t\t\t<div class=\"elementor-element elementor-element-39dfee4 elementor-widget elementor-widget-text-editor\" data-id=\"39dfee4\" data-element_type=\"widget\" data-widget_type=\"text-editor.default\">\n\t\t\t\t<div class=\"elementor-widget-container\">\n\t\t\t\t\t\t\t<p>Formaci\u00f3n Acad\u00e9mica<\/p>\t\t\t\t\t\t<\/div>\n\t\t\t\t<\/div>\n\t\t\t\t<div class=\"elementor-element elementor-element-4432c9b elementor-widget__width-initial elementor-widget-widescreen__width-inherit elementor-widget elementor-widget-text-editor\" data-id=\"4432c9b\" data-element_type=\"widget\" data-widget_type=\"text-editor.default\">\n\t\t\t\t<div class=\"elementor-widget-container\">\n\t\t\t\t\t\t\t<p>Graduada en Psicolog\u00eda por la UOC, Universitat Oberta de Catalunya.<\/p><p>M\u00e1ster Universitario en Psicolog\u00eda General Sanitaria por la Universitat de Girona y la UOC.<\/p><p>M\u00e1ster en Terapia Psicoanal\u00edtica (en curso), IPSI Formaci\u00f3n Psicoanal\u00edtica.<\/p><p>Certificaci\u00f3n Terapeuta IPIR Experta en duelo, p\u00e9rdidas y trauma. Instituto IPIR.<\/p><p>Posgrado en Terapia Breve, Brief Therapy Center Bcn Escuela Terapia Familiar Sant Pau.<\/p><p>Posgrado en Trastornos del neurodesarrollo, Fundaci\u00f3n Adana.<\/p><p>Formaci\u00f3n Avanzada en Mindfulness en la pr\u00e1ctica cl\u00ednica, AEMIND.<\/p><p>M\u00e1ster Europeo en Grafoan\u00e1lisis y Pericia Judicial Caligr\u00e1fica, UAB.<\/p>\t\t\t\t\t\t<\/div>\n\t\t\t\t<\/div>\n\t\t\t\t<div class=\"elementor-element elementor-element-b9799f7 elementor-widget elementor-widget-text-editor\" data-id=\"b9799f7\" data-element_type=\"widget\" data-widget_type=\"text-editor.default\">\n\t\t\t\t<div class=\"elementor-widget-container\">\n\t\t\t\t\t\t\t<p>Experiencia<\/p>\t\t\t\t\t\t<\/div>\n\t\t\t\t<\/div>\n\t\t\t\t<div class=\"elementor-element elementor-element-97447a9 elementor-widget__width-initial elementor-widget-widescreen__width-inherit elementor-widget elementor-widget-text-editor\" data-id=\"97447a9\" data-element_type=\"widget\" data-widget_type=\"text-editor.default\">\n\t\t\t\t<div class=\"elementor-widget-container\">\n\t\t\t\t\t\t\t<p>Psicolog\u00eda en consulta privada. Centro acreditado por el Departament de Salut (Gencat), c\u00f3digo de Registro Sanitario: E08765000.<\/p><p>Psicolog\u00eda cl\u00ednica en ANNE Fundaci\u00f3n Centro m\u00e9dico-psicol\u00f3gico infantojuvenil.<\/p>\n<p>Psicolog\u00eda aplicada a los Recursos Humanos, Consultor\u00eda RRHH.<\/p>\t\t\t\t\t\t<\/div>\n\t\t\t\t<\/div>\n\t\t\t\t<div class=\"elementor-element elementor-element-2a835af elementor-widget__width-initial elementor-absolute elementor-widget-mobile__width-initial elementor-widget-laptop__width-initial elementor-widget-mobile_extra__width-initial elementor-widget elementor-widget-image\" data-id=\"2a835af\" data-element_type=\"widget\" data-settings=\"{&quot;_position&quot;:&quot;absolute&quot;}\" data-widget_type=\"image.default\">\n\t\t\t\t<div class=\"elementor-widget-container\">\n\t\t\t\t\t\t\t\t\t\t\t\t\t<img decoding=\"async\" width=\"800\" height=\"271\" src=\"https:\/\/nspsicologia.com\/wp-content\/uploads\/2024\/10\/trazo-abajo-01-1024x347.webp\" class=\"attachment-large size-large wp-image-1422\" alt=\"\" srcset=\"https:\/\/nspsicologia.com\/wp-content\/uploads\/2024\/10\/trazo-abajo-01-1024x347.webp 1024w, https:\/\/nspsicologia.com\/wp-content\/uploads\/2024\/10\/trazo-abajo-01-300x102.webp 300w, https:\/\/nspsicologia.com\/wp-content\/uploads\/2024\/10\/trazo-abajo-01-768x260.webp 768w, https:\/\/nspsicologia.com\/wp-content\/uploads\/2024\/10\/trazo-abajo-01.webp 1123w\" sizes=\"(max-width: 800px) 100vw, 800px\" \/>\t\t\t\t\t\t\t\t\t\t\t\t\t<\/div>\n\t\t\t\t<\/div>\n\t\t\t\t<div class=\"elementor-element elementor-element-3d099f2 elementor-widget__width-initial elementor-absolute elementor-widget-mobile__width-initial elementor-widget-widescreen__width-initial elementor-invisible elementor-widget elementor-widget-image\" data-id=\"3d099f2\" data-element_type=\"widget\" data-settings=\"{&quot;_position&quot;:&quot;absolute&quot;,&quot;_animation&quot;:&quot;bounceIn&quot;}\" data-widget_type=\"image.default\">\n\t\t\t\t<div class=\"elementor-widget-container\">\n\t\t\t\t\t\t\t\t\t\t\t\t\t<img decoding=\"async\" width=\"202\" height=\"198\" src=\"https:\/\/nspsicologia.com\/wp-content\/uploads\/2024\/09\/circulo-amarillo-01.webp\" class=\"attachment-large size-large wp-image-19\" alt=\"\" srcset=\"https:\/\/nspsicologia.com\/wp-content\/uploads\/2024\/09\/circulo-amarillo-01.webp 202w, https:\/\/nspsicologia.com\/wp-content\/uploads\/2024\/09\/elementor\/thumbs\/circulo-amarillo-01-quix17x6ueyaq0yytbilom51u63mxh7ja0lzlz0gps.webp 82w, https:\/\/nspsicologia.com\/wp-content\/uploads\/2024\/09\/elementor\/thumbs\/circulo-amarillo-01-quix17x6gdqnezwnosevkt86bapzzfmbuigahdsgac.webp 50w\" sizes=\"(max-width: 202px) 100vw, 202px\" \/>\t\t\t\t\t\t\t\t\t\t\t\t\t<\/div>\n\t\t\t\t<\/div>\n\t\t\t\t<\/div>\n\t\t\t\t\t<\/div>\n\t\t\t\t<\/div>\n\t\t\t\t\t<\/div>\n\t\t\t\t<\/div>\n\t\t\t\t<\/div>\n\t\t","protected":false},"excerpt":{"rendered":"<p>N\u00faria Segarra Psic\u00f3loga General SanitariaColegiada N\u00ba22100 COPC Formaci\u00f3n Acad\u00e9mica Graduada en Psicolog\u00eda por la UOC, Universitat Oberta de Catalunya. M\u00e1ster Universitario en Psicolog\u00eda General Sanitaria por la Universitat de Girona y la UOC. M\u00e1ster en Terapia Psicoanal\u00edtica (en curso), IPSI Formaci\u00f3n Psicoanal\u00edtica. Certificaci\u00f3n Terapeuta IPIR Experta en duelo, p\u00e9rdidas y trauma. Instituto IPIR. Posgrado en [&hellip;]<\/p>\n","protected":false},"author":1,"featured_media":0,"parent":0,"menu_order":0,"comment_status":"closed","ping_status":"closed","template":"","meta":{"footnotes":""},"class_list":["post-462","page","type-page","status-publish","hentry"],"_links":{"self":[{"href":"https:\/\/nspsicologia.com\/es\/wp-json\/wp\/v2\/pages\/462","targetHints":{"allow":["GET"]}}],"collection":[{"href":"https:\/\/nspsicologia.com\/es\/wp-json\/wp\/v2\/pages"}],"about":[{"href":"https:\/\/nspsicologia.com\/es\/wp-json\/wp\/v2\/types\/page"}],"author":[{"embeddable":true,"href":"https:\/\/nspsicologia.com\/es\/wp-json\/wp\/v2\/users\/1"}],"replies":[{"embeddable":true,"href":"https:\/\/nspsicologia.com\/es\/wp-json\/wp\/v2\/comments?post=462"}],"version-history":[{"count":265,"href":"https:\/\/nspsicologia.com\/es\/wp-json\/wp\/v2\/pages\/462\/revisions"}],"predecessor-version":[{"id":2519,"href":"https:\/\/nspsicologia.com\/es\/wp-json\/wp\/v2\/pages\/462\/revisions\/2519"}],"wp:attachment":[{"href":"https:\/\/nspsicologia.com\/es\/wp-json\/wp\/v2\/media?parent=462"}],"curies":[{"name":"wp","href":"https:\/\/api.w.org\/{rel}","templated":true}]}}