{"id":341,"date":"2024-10-02T12:31:34","date_gmt":"2024-10-02T10:31:34","guid":{"rendered":"https:\/\/nspsicologia.com\/?page_id=341"},"modified":"2024-11-21T22:51:49","modified_gmt":"2024-11-21T21:51:49","slug":"inicio","status":"publish","type":"page","link":"https:\/\/nspsicologia.com\/es\/inicio\/","title":{"rendered":"inicio"},"content":{"rendered":"\t\t<div data-elementor-type=\"wp-page\" data-elementor-id=\"341\" class=\"elementor elementor-341\" data-elementor-post-type=\"page\">\n\t\t\t\t<div class=\"elementor-element elementor-element-857d910 e-flex e-con-boxed e-con e-parent\" data-id=\"857d910\" data-element_type=\"container\">\n\t\t\t\t\t<div class=\"e-con-inner\">\n\t\t<div class=\"elementor-element elementor-element-f5f3d96 e-con-full e-flex e-con e-child\" data-id=\"f5f3d96\" data-element_type=\"container\" data-settings=\"{&quot;background_background&quot;:&quot;classic&quot;}\">\n\t\t\t\t<div class=\"elementor-element elementor-element-118fd4c elementor-widget elementor-widget-heading\" data-id=\"118fd4c\" data-element_type=\"widget\" data-widget_type=\"heading.default\">\n\t\t\t\t<div class=\"elementor-widget-container\">\n\t\t\t<h2 class=\"elementor-heading-title elementor-size-default\">NS<\/h2>\t\t<\/div>\n\t\t\t\t<\/div>\n\t\t\t\t<div class=\"elementor-element elementor-element-5d9d077 elementor-widget elementor-widget-text-editor\" data-id=\"5d9d077\" data-element_type=\"widget\" data-widget_type=\"text-editor.default\">\n\t\t\t\t<div class=\"elementor-widget-container\">\n\t\t\t\t\t\t\t<p>N\u00faria Segarra<\/p>\t\t\t\t\t\t<\/div>\n\t\t\t\t<\/div>\n\t\t\t\t<div class=\"elementor-element elementor-element-8786e99 elementor-widget elementor-widget-heading\" data-id=\"8786e99\" data-element_type=\"widget\" data-widget_type=\"heading.default\">\n\t\t\t\t<div class=\"elementor-widget-container\">\n\t\t\t<h1 class=\"elementor-heading-title elementor-size-default\">CONSULTA DE PSICOLOG\u00cdA<\/h1>\t\t<\/div>\n\t\t\t\t<\/div>\n\t\t\t\t<div class=\"elementor-element elementor-element-91aeb18 elementor-widget__width-initial elementor-absolute elementor-invisible elementor-widget elementor-widget-image\" data-id=\"91aeb18\" data-element_type=\"widget\" data-settings=\"{&quot;_position&quot;:&quot;absolute&quot;,&quot;_animation_mobile&quot;:&quot;bounceIn&quot;,&quot;_animation&quot;:&quot;bounceIn&quot;}\" data-widget_type=\"image.default\">\n\t\t\t\t<div class=\"elementor-widget-container\">\n\t\t\t\t\t\t\t\t\t\t\t\t\t<img decoding=\"async\" width=\"202\" height=\"198\" src=\"https:\/\/nspsicologia.com\/wp-content\/uploads\/2024\/09\/circulo-amarillo-01.webp\" class=\"attachment-full size-full wp-image-19\" alt=\"\" srcset=\"https:\/\/nspsicologia.com\/wp-content\/uploads\/2024\/09\/circulo-amarillo-01.webp 202w, https:\/\/nspsicologia.com\/wp-content\/uploads\/2024\/09\/elementor\/thumbs\/circulo-amarillo-01-quix17x6ueyaq0yytbilom51u63mxh7ja0lzlz0gps.webp 82w, https:\/\/nspsicologia.com\/wp-content\/uploads\/2024\/09\/elementor\/thumbs\/circulo-amarillo-01-quix17x6gdqnezwnosevkt86bapzzfmbuigahdsgac.webp 50w\" sizes=\"(max-width: 202px) 100vw, 202px\" \/>\t\t\t\t\t\t\t\t\t\t\t\t\t<\/div>\n\t\t\t\t<\/div>\n\t\t\t\t<\/div>\n\t\t\t\t<div class=\"elementor-element elementor-element-0d4213d elementor-widget__width-initial elementor-widget-widescreen__width-initial elementor-widget elementor-widget-text-editor\" data-id=\"0d4213d\" data-element_type=\"widget\" data-widget_type=\"text-editor.default\">\n\t\t\t\t<div class=\"elementor-widget-container\">\n\t\t\t\t\t\t\t<p>Para muchas personas, la decisi\u00f3n de consultar a una profesional de la psicolog\u00eda no est\u00e1 ligada a la presencia de un trastorno grave o de un malestar intenso. A menudo buscan ese apoyo para profundizar en el autoconocimiento, entender mejor las propias emociones y comportamientos y favorecer un crecimiento personal.&nbsp;<span style=\"font-weight: var( --e-global-typography-text-font-weight ); letter-spacing: 0px;\">Hacer terapia personal puede ayudar a gestionar mejor las relaciones, potenciar habilidades personales y profesionales, o simplemente vivir con mayor bienestar y equilibrio emocional. No hace falta esperar a encontrarse mal para iniciar este proceso, ya que la psicolog\u00eda es una valiosa herramienta para la evoluci\u00f3n y el desarrollo personal.<\/span><\/p>\t\t\t\t\t\t<\/div>\n\t\t\t\t<\/div>\n\t\t\t\t\t<\/div>\n\t\t\t\t<\/div>\n\t\t<div class=\"elementor-element elementor-element-8b86d49 e-flex e-con-boxed e-con e-parent\" data-id=\"8b86d49\" data-element_type=\"container\">\n\t\t\t\t\t<div class=\"e-con-inner\">\n\t\t\t\t<div class=\"elementor-element elementor-element-df5f683 elementor-absolute elementor-widget__width-initial elementor-widget-laptop__width-initial elementor-hidden-tablet_extra elementor-hidden-tablet elementor-hidden-mobile_extra elementor-hidden-mobile elementor-widget elementor-widget-image\" data-id=\"df5f683\" data-element_type=\"widget\" data-settings=\"{&quot;_position&quot;:&quot;absolute&quot;}\" data-widget_type=\"image.default\">\n\t\t\t\t<div class=\"elementor-widget-container\">\n\t\t\t\t\t\t\t\t\t\t\t\t\t<img decoding=\"async\" width=\"306\" height=\"800\" src=\"https:\/\/nspsicologia.com\/wp-content\/uploads\/2024\/10\/fondo-contacto-01.webp\" class=\"attachment-large size-large wp-image-1722\" alt=\"\" srcset=\"https:\/\/nspsicologia.com\/wp-content\/uploads\/2024\/10\/fondo-contacto-01.webp 306w, https:\/\/nspsicologia.com\/wp-content\/uploads\/2024\/10\/fondo-contacto-01-115x300.webp 115w\" sizes=\"(max-width: 306px) 100vw, 306px\" \/>\t\t\t\t\t\t\t\t\t\t\t\t\t<\/div>\n\t\t\t\t<\/div>\n\t\t\t\t\t<\/div>\n\t\t\t\t<\/div>\n\t\t\t\t<\/div>\n\t\t","protected":false},"excerpt":{"rendered":"<p>NS N\u00faria Segarra CONSULTA DE PSICOLOG\u00cdA Para muchas personas, la decisi\u00f3n de consultar a una profesional de la psicolog\u00eda no est\u00e1 ligada a la presencia de un trastorno grave o de un malestar intenso. A menudo buscan ese apoyo para profundizar en el autoconocimiento, entender mejor las propias emociones y comportamientos y favorecer un crecimiento [&hellip;]<\/p>\n","protected":false},"author":1,"featured_media":0,"parent":0,"menu_order":0,"comment_status":"closed","ping_status":"closed","template":"","meta":{"footnotes":""},"class_list":["post-341","page","type-page","status-publish","hentry"],"_links":{"self":[{"href":"https:\/\/nspsicologia.com\/es\/wp-json\/wp\/v2\/pages\/341","targetHints":{"allow":["GET"]}}],"collection":[{"href":"https:\/\/nspsicologia.com\/es\/wp-json\/wp\/v2\/pages"}],"about":[{"href":"https:\/\/nspsicologia.com\/es\/wp-json\/wp\/v2\/types\/page"}],"author":[{"embeddable":true,"href":"https:\/\/nspsicologia.com\/es\/wp-json\/wp\/v2\/users\/1"}],"replies":[{"embeddable":true,"href":"https:\/\/nspsicologia.com\/es\/wp-json\/wp\/v2\/comments?post=341"}],"version-history":[{"count":252,"href":"https:\/\/nspsicologia.com\/es\/wp-json\/wp\/v2\/pages\/341\/revisions"}],"predecessor-version":[{"id":2445,"href":"https:\/\/nspsicologia.com\/es\/wp-json\/wp\/v2\/pages\/341\/revisions\/2445"}],"wp:attachment":[{"href":"https:\/\/nspsicologia.com\/es\/wp-json\/wp\/v2\/media?parent=341"}],"curies":[{"name":"wp","href":"https:\/\/api.w.org\/{rel}","templated":true}]}}